{"id":101509,"date":"2021-09-29T13:37:08","date_gmt":"2021-09-29T16:37:08","guid":{"rendered":"https:\/\/dicknaya.photo\/?page_id=101509"},"modified":"2021-09-29T21:14:22","modified_gmt":"2021-09-30T00:14:22","slug":"contacto","status":"publish","type":"page","link":"https:\/\/dicknaya.photo\/es\/contacto\/","title":{"rendered":"Contacto"},"content":{"rendered":"<p>[vc_row unlock_row_content=\u00bbyes\u00bb row_height_percent=\u00bb80&#8243; override_padding=\u00bbyes\u00bb h_padding=\u00bb2&#8243; top_padding=\u00bb0&#8243; bottom_padding=\u00bb0&#8243; overlay_alpha=\u00bb50&#8243; equal_height=\u00bbyes\u00bb gutter_size=\u00bb0&#8243; column_width_percent=\u00bb100&#8243; shift_y=\u00bb0&#8243; z_index=\u00bb0&#8243; uncode_shortcode_id=\u00bb182097&#8243;][vc_column column_width_percent=\u00bb60&#8243; position_vertical=\u00bbmiddle\u00bb gutter_size=\u00bb3&#8243; override_padding=\u00bbyes\u00bb column_padding=\u00bb2&#8243; overlay_alpha=\u00bb50&#8243; shift_x=\u00bb0&#8243; shift_y=\u00bb0&#8243; shift_y_down=\u00bb0&#8243; z_index=\u00bb0&#8243; medium_width=\u00bb0&#8243; mobile_width=\u00bb0&#8243; width=\u00bb1\/2&#8243; uncode_shortcode_id=\u00bb110785&#8243;][vc_custom_heading text_size=\u00bbfontsize-155944&#8243; uncode_shortcode_id=\u00bb129326&#8243;]Contacto[\/vc_custom_heading][vc_separator sep_color=\u00bb\u00bb uncode_shortcode_id=\u00bb147683&#8243;][vc_column_text css_animation=\u00bbleft-t-right\u00bb uncode_shortcode_id=\u00bb173509&#8243;]Si hay algo que te gustar\u00eda comentar o decirme no dudes en escribirme. Ya sea que est\u00e1s interesado en alguna obra, quer\u00e9s dejarme un comentario, o se te ocurri\u00f3 una idea loca y la quer\u00e9s compartir conmigo. Siempre estoy fascinado de conversar de arte y crecer.<\/p>\n<p>Todas mis obras se imprimen en series limitadas de hasta cinco copias. En su mayor\u00eda se trata de obras de gran tama\u00f1o, pero sentite libre de consultarme por aquella que te habla y el tama\u00f1o que imagin\u00e1s.[\/vc_column_text][\/vc_column][vc_column column_width_percent=\u00bb50&#8243; position_horizontal=\u00bbleft\u00bb position_vertical=\u00bbmiddle\u00bb gutter_size=\u00bb3&#8243; override_padding=\u00bbyes\u00bb column_padding=\u00bb0&#8243; overlay_alpha=\u00bb50&#8243; shift_x=\u00bb0&#8243; shift_y=\u00bb0&#8243; shift_y_down=\u00bb0&#8243; z_index=\u00bb0&#8243; medium_width=\u00bb0&#8243; mobile_width=\u00bb0&#8243; css_animation=\u00bbright-t-left\u00bb width=\u00bb1\/2&#8243; uncode_shortcode_id=\u00bb734467&#8243;][vc_empty_space empty_h=\u00bb3&#8243; medium_visibility=\u00bbyes\u00bb mobile_visibility=\u00bbyes\u00bb]<div role=\"form\" class=\"wpcf7\" id=\"wpcf7-f18-o1\" lang=\"en-US\" dir=\"ltr\">\n<div class=\"screen-reader-response\"><p role=\"status\" aria-live=\"polite\" aria-atomic=\"true\"><\/p> <ul><\/ul><\/div>\n<form action=\"\/es\/wp-json\/wp\/v2\/pages\/101509#wpcf7-f18-o1\" method=\"post\" class=\"wpcf7-form init\" novalidate=\"novalidate\" data-status=\"init\">\n<div style=\"display: none;\">\n<input type=\"hidden\" name=\"_wpcf7\" value=\"18\" \/>\n<input type=\"hidden\" name=\"_wpcf7_version\" value=\"5.4.2\" \/>\n<input type=\"hidden\" name=\"_wpcf7_locale\" value=\"en_US\" \/>\n<input type=\"hidden\" name=\"_wpcf7_unit_tag\" value=\"wpcf7-f18-o1\" \/>\n<input type=\"hidden\" name=\"_wpcf7_container_post\" value=\"0\" \/>\n<input type=\"hidden\" name=\"_wpcf7_posted_data_hash\" value=\"\" \/>\n<\/div>\n<div class=\"wpcf7-inline-wrapper\">\n<p class=\"wpcf7-inline-field\"><span class=\"wpcf7-form-control-wrap your-firstname\"><input type=\"text\" name=\"your-firstname\" value=\"\" size=\"40\" class=\"wpcf7-form-control wpcf7-text wpcf7-validates-as-required\" aria-required=\"true\" aria-invalid=\"false\" placeholder=\"Name\" \/><\/span><\/p>\n<p class=\"wpcf7-inline-field\"><span class=\"wpcf7-form-control-wrap your-email\"><input type=\"email\" name=\"your-email\" value=\"\" size=\"40\" class=\"wpcf7-form-control wpcf7-text wpcf7-email wpcf7-validates-as-required wpcf7-validates-as-email\" aria-required=\"true\" aria-invalid=\"false\" placeholder=\"Email\" \/><\/span> <\/p>\n<\/div>\n<p><span class=\"wpcf7-form-control-wrap your-message\"><textarea name=\"your-message\" cols=\"40\" rows=\"5\" class=\"wpcf7-form-control wpcf7-textarea\" aria-invalid=\"false\" placeholder=\"Message\"><\/textarea><\/span> <\/p>\n<p><input type=\"submit\" value=\"Enviar\" class=\"wpcf7-form-control wpcf7-submit\" id=\"btn_form_outline\" \/><\/p>\n<div class=\"wpcf7-response-output\" aria-hidden=\"true\"><\/div><\/form><\/div>[\/vc_column][\/vc_row]<\/p>\n","protected":false},"excerpt":{"rendered":"<p>[vc_row unlock_row_content=\u00bbyes\u00bb row_height_percent=\u00bb80&#8243; override_padding=\u00bbyes\u00bb h_padding=\u00bb2&#8243; top_padding=\u00bb0&#8243; bottom_padding=\u00bb0&#8243; overlay_alpha=\u00bb50&#8243; equal_height=\u00bbyes\u00bb gutter_size=\u00bb0&#8243; column_width_percent=\u00bb100&#8243; shift_y=\u00bb0&#8243; z_index=\u00bb0&#8243; uncode_shortcode_id=\u00bb182097&#8243;][vc_column column_width_percent=\u00bb60&#8243; position_vertical=\u00bbmiddle\u00bb gutter_size=\u00bb3&#8243; override_padding=\u00bbyes\u00bb column_padding=\u00bb2&#8243; overlay_alpha=\u00bb50&#8243; [&hellip;]<\/p>\n","protected":false},"author":2,"featured_media":0,"parent":0,"menu_order":0,"comment_status":"closed","ping_status":"closed","template":"","meta":[],"_links":{"self":[{"href":"https:\/\/dicknaya.photo\/es\/wp-json\/wp\/v2\/pages\/101509"}],"collection":[{"href":"https:\/\/dicknaya.photo\/es\/wp-json\/wp\/v2\/pages"}],"about":[{"href":"https:\/\/dicknaya.photo\/es\/wp-json\/wp\/v2\/types\/page"}],"author":[{"embeddable":true,"href":"https:\/\/dicknaya.photo\/es\/wp-json\/wp\/v2\/users\/2"}],"replies":[{"embeddable":true,"href":"https:\/\/dicknaya.photo\/es\/wp-json\/wp\/v2\/comments?post=101509"}],"version-history":[{"count":2,"href":"https:\/\/dicknaya.photo\/es\/wp-json\/wp\/v2\/pages\/101509\/revisions"}],"predecessor-version":[{"id":101704,"href":"https:\/\/dicknaya.photo\/es\/wp-json\/wp\/v2\/pages\/101509\/revisions\/101704"}],"wp:attachment":[{"href":"https:\/\/dicknaya.photo\/es\/wp-json\/wp\/v2\/media?parent=101509"}],"curies":[{"name":"wp","href":"https:\/\/api.w.org\/{rel}","templated":true}]}}