{"id":101505,"date":"2021-09-29T13:23:35","date_gmt":"2021-09-29T16:23:35","guid":{"rendered":"https:\/\/dicknaya.photo\/?page_id=101505"},"modified":"2021-09-30T13:43:45","modified_gmt":"2021-09-30T16:43:45","slug":"acerca-de","status":"publish","type":"page","link":"https:\/\/dicknaya.photo\/es\/acerca-de\/","title":{"rendered":"Acerca de"},"content":{"rendered":"<p>[vc_row unlock_row_content=\u00bbyes\u00bb row_height_percent=\u00bb80&#8243; override_padding=\u00bbyes\u00bb h_padding=\u00bb2&#8243; top_padding=\u00bb0&#8243; bottom_padding=\u00bb0&#8243; overlay_alpha=\u00bb50&#8243; equal_height=\u00bbyes\u00bb gutter_size=\u00bb4&#8243; column_width_percent=\u00bb100&#8243; shift_y=\u00bb0&#8243; z_index=\u00bb0&#8243; el_class=\u00bbinverted-device-order\u00bb uncode_shortcode_id=\u00bb144286&#8243;][vc_column column_width_percent=\u00bb63&#8243; position_vertical=\u00bbmiddle\u00bb gutter_size=\u00bb3&#8243; override_padding=\u00bbyes\u00bb column_padding=\u00bb2&#8243; overlay_alpha=\u00bb50&#8243; shift_x=\u00bb0&#8243; shift_y=\u00bb0&#8243; shift_y_down=\u00bb0&#8243; z_index=\u00bb0&#8243; medium_width=\u00bb0&#8243; mobile_width=\u00bb0&#8243; css_animation=\u00bbleft-t-right\u00bb width=\u00bb1\/2&#8243; uncode_shortcode_id=\u00bb299025&#8243;][vc_custom_heading heading_semantic=\u00bbh6&#8243; text_size=\u00bbfontsize-160000&#8243; text_transform=\u00bbuppercase\u00bb text_space=\u00bbfontspace-135905&#8243; uncode_shortcode_id=\u00bb949566&#8243;]Acerca de[\/vc_custom_heading][vc_custom_heading text_size=\u00bbfontsize-155944&#8243; uncode_shortcode_id=\u00bb156418&#8243;]Dick Naya[\/vc_custom_heading][vc_column_text uncode_shortcode_id=\u00bb787117&#8243;]Debo confesar que para presentar mi obra art\u00edstica, no me gusta hablar de m\u00e1s, prefiero que quien la vea se vincule con ella desde la mayor libertad.<\/p>\n<p>Me veo como un hombre deslumbrado y apasionado del lenguaje urbano, de lo bello, de la arquitectura, la figura humana; de la vida cotidiana. En la fotograf\u00eda encontr\u00e9 el arte de expresar toda mi pasi\u00f3n y amor, capturando instantes que la vida me revela, y permitir inmortalizar esos destellos ef\u00edmeros en el tiempo que merecen contar su historia no una sino muchas veces.<\/p>\n<p>En este sitio pueden verse algunas obras que hemos seleccionado muy cuidadosamente junto con mi maestro y amigo <a href=\"https:\/\/www.carlosgil.info\/\">Carlos Gil<\/a> entre miles de fotos capturadas a lo largo de m\u00e1s de una d\u00e9cada. Al hacer esta selecci\u00f3n hemos tomado la decisi\u00f3n consciente de incluir algunas tomas t\u00e9cnicamente imperfectas, porque si bien la perfecci\u00f3n t\u00e9cnica es de gran importancia, nuestro foco se concentr\u00f3 en los instantes. Instantes inolvidables que mis fotograf\u00edas humildemente intentan celebrar, y que s\u00f3lo pertenecen al tiempo y a la Vida.[\/vc_column_text][vc_empty_space][vc_button border_width=\u00bb0&#8243; display=\u00bbinline\u00bb top_margin=\u00bbyes\u00bb link=\u00bburl:%2Fes%2Fcatalogo%2F|title:Cat%C3%A1logo\u00bb uncode_shortcode_id=\u00bb128107&#8243;]Cat\u00e1logo[\/vc_button][\/vc_column][vc_column column_width_percent=\u00bb100&#8243; gutter_size=\u00bb0&#8243; back_image=\u00bb101491&#8243; overlay_alpha=\u00bb50&#8243; shift_x=\u00bb0&#8243; shift_y=\u00bb0&#8243; shift_y_down=\u00bb0&#8243; z_index=\u00bb0&#8243; medium_width=\u00bb0&#8243; mobile_width=\u00bb0&#8243; css_animation=\u00bbright-t-left\u00bb width=\u00bb1\/2&#8243; uncode_shortcode_id=\u00bb648150&#8243;][\/vc_column][\/vc_row][vc_row][vc_column width=\u00bb1\/1&#8243;][\/vc_column][\/vc_row][vc_row][vc_column width=\u00bb1\/1&#8243;][\/vc_column][\/vc_row]<\/p>\n","protected":false},"excerpt":{"rendered":"<p>[vc_row unlock_row_content=\u00bbyes\u00bb row_height_percent=\u00bb80&#8243; override_padding=\u00bbyes\u00bb h_padding=\u00bb2&#8243; top_padding=\u00bb0&#8243; bottom_padding=\u00bb0&#8243; overlay_alpha=\u00bb50&#8243; equal_height=\u00bbyes\u00bb gutter_size=\u00bb4&#8243; column_width_percent=\u00bb100&#8243; shift_y=\u00bb0&#8243; z_index=\u00bb0&#8243; el_class=\u00bbinverted-device-order\u00bb uncode_shortcode_id=\u00bb144286&#8243;][vc_column column_width_percent=\u00bb63&#8243; position_vertical=\u00bbmiddle\u00bb gutter_size=\u00bb3&#8243; override_padding=\u00bbyes\u00bb column_padding=\u00bb2&#8243; [&hellip;]<\/p>\n","protected":false},"author":2,"featured_media":0,"parent":0,"menu_order":0,"comment_status":"closed","ping_status":"closed","template":"","meta":[],"_links":{"self":[{"href":"https:\/\/dicknaya.photo\/es\/wp-json\/wp\/v2\/pages\/101505"}],"collection":[{"href":"https:\/\/dicknaya.photo\/es\/wp-json\/wp\/v2\/pages"}],"about":[{"href":"https:\/\/dicknaya.photo\/es\/wp-json\/wp\/v2\/types\/page"}],"author":[{"embeddable":true,"href":"https:\/\/dicknaya.photo\/es\/wp-json\/wp\/v2\/users\/2"}],"replies":[{"embeddable":true,"href":"https:\/\/dicknaya.photo\/es\/wp-json\/wp\/v2\/comments?post=101505"}],"version-history":[{"count":2,"href":"https:\/\/dicknaya.photo\/es\/wp-json\/wp\/v2\/pages\/101505\/revisions"}],"predecessor-version":[{"id":101706,"href":"https:\/\/dicknaya.photo\/es\/wp-json\/wp\/v2\/pages\/101505\/revisions\/101706"}],"wp:attachment":[{"href":"https:\/\/dicknaya.photo\/es\/wp-json\/wp\/v2\/media?parent=101505"}],"curies":[{"name":"wp","href":"https:\/\/api.w.org\/{rel}","templated":true}]}}